{"id":86,"date":"2021-07-03T12:50:51","date_gmt":"2021-07-03T11:50:51","guid":{"rendered":"http:\/\/monizdias.pt\/?page_id=86"},"modified":"2021-09-06T15:36:33","modified_gmt":"2021-09-06T14:36:33","slug":"contactos","status":"publish","type":"page","link":"https:\/\/monizdias.iotech.pt\/en\/contactos\/","title":{"rendered":"Contacts"},"content":{"rendered":"<div class=\"wp-block-columns is-layout-flex wp-container-core-columns-is-layout-9d6595d7 wp-block-columns-is-layout-flex\">\n<div class=\"wp-block-column is-vertically-aligned-center is-layout-flow wp-block-column-is-layout-flow\">\n<p><strong>Factories and Headquarters<\/strong><\/p>\n\n\n\n<p>Rua Santu\u00e1rio do Al\u00edvio, n.\u00ba12<\/p>\n\n\n\n<p>4730 &#8211; 571 &#8211; Soutelo, Vila Verde<\/p>\n\n\n\n<p>Tel: (+351) 253 319 163<\/p>\n\n\n\n<p>Fax: (+351) 253 319 165<\/p>\n\n\n\n<p>geral@monizdias.iotech.pt<\/p>\n\n\n\n<p><\/p>\n\n\n\n<p>GPS: N 41\u00ba 37`33.258&#8243;\/ W -8\u00ba 26`16.7778&#8243;<\/p>\n<\/div>\n\n\n\n<div class=\"wp-block-column is-layout-flow wp-block-column-is-layout-flow\">\n<iframe src=\"https:\/\/www.google.com\/maps\/embed?pb=!1m18!1m12!1m3!1d1095.153351007091!2d-8.43535655374212!3d41.62686994408358!2m3!1f0!2f0!3f0!3m2!1i1024!2i768!4f13.1!3m3!1m2!1s0x0%3A0xd18a97c5b6debb7a!2sMoniz%20Dias!5e1!3m2!1spt-PT!2spt!4v1629733072068!5m2!1spt-PT!2spt\" width=\"600\" height=\"450\" style=\"border:0;\" allowfullscreen=\"\" loading=\"lazy\"><\/iframe>\n<\/div>\n<\/div>","protected":false},"excerpt":{"rendered":"<p>F\u00e1bricas e Sede Rua Santu\u00e1rio do Al\u00edvio, n.\u00ba12 4730 &#8211; 571 &#8211; Soutelo, Vila Verde Tel: (+351) 253 319 163 Fax: (+351) 253 319 165 geral@monizdias.iotech.pt GPS: N 41\u00ba 37`33.258&#8243;\/ W -8\u00ba 26`16.7778&#8243;<\/p>","protected":false},"author":1,"featured_media":151,"parent":0,"menu_order":0,"comment_status":"closed","ping_status":"closed","template":"","meta":{"footnotes":""},"class_list":["post-86","page","type-page","status-publish","has-post-thumbnail","hentry"],"_links":{"self":[{"href":"https:\/\/monizdias.iotech.pt\/en\/wp-json\/wp\/v2\/pages\/86","targetHints":{"allow":["GET"]}}],"collection":[{"href":"https:\/\/monizdias.iotech.pt\/en\/wp-json\/wp\/v2\/pages"}],"about":[{"href":"https:\/\/monizdias.iotech.pt\/en\/wp-json\/wp\/v2\/types\/page"}],"author":[{"embeddable":true,"href":"https:\/\/monizdias.iotech.pt\/en\/wp-json\/wp\/v2\/users\/1"}],"replies":[{"embeddable":true,"href":"https:\/\/monizdias.iotech.pt\/en\/wp-json\/wp\/v2\/comments?post=86"}],"version-history":[{"count":4,"href":"https:\/\/monizdias.iotech.pt\/en\/wp-json\/wp\/v2\/pages\/86\/revisions"}],"predecessor-version":[{"id":355,"href":"https:\/\/monizdias.iotech.pt\/en\/wp-json\/wp\/v2\/pages\/86\/revisions\/355"}],"wp:featuredmedia":[{"embeddable":true,"href":"https:\/\/monizdias.iotech.pt\/en\/wp-json\/wp\/v2\/media\/151"}],"wp:attachment":[{"href":"https:\/\/monizdias.iotech.pt\/en\/wp-json\/wp\/v2\/media?parent=86"}],"curies":[{"name":"wp","href":"https:\/\/api.w.org\/{rel}","templated":true}]}}